{"id":3,"date":"2025-03-26T12:51:45","date_gmt":"2025-03-26T12:51:45","guid":{"rendered":"https:\/\/gastondesbatignolles.fr\/?page_id=3"},"modified":"2026-03-27T11:45:23","modified_gmt":"2026-03-27T11:45:23","slug":"politiques-de-confidentialite","status":"publish","type":"page","link":"https:\/\/www.gastondesbatignolles.fr\/en\/politiques-de-confidentialite\/","title":{"rendered":"Politiques de confidentitalite"},"content":{"rendered":"<div data-elementor-type=\"wp-page\" data-elementor-id=\"3\" class=\"elementor elementor-3\">\n\t\t\t\t<div class=\"elementor-element elementor-element-3eeb2206 e-flex e-con-boxed e-con e-parent\" data-id=\"3eeb2206\" data-element_type=\"container\" data-e-type=\"container\">\n\t\t\t\t\t<div class=\"e-con-inner\">\n\t\t\t\t<div class=\"elementor-element elementor-element-ca34c03 elementor-widget elementor-widget-pt_vertical_divider\" data-id=\"ca34c03\" data-element_type=\"widget\" data-e-type=\"widget\" data-widget_type=\"pt_vertical_divider.default\">\n\t\t\t\t<div class=\"elementor-widget-container\">\n\t\t\t\t\t\n        <div class=\"pt-vertical-divider\">            <div class=\"pt-vd-line\"><\/div>        <\/div>\t\t\t\t<\/div>\n\t\t\t\t<\/div>\n\t\t\t\t<div class=\"elementor-element elementor-element-15dd7056 elementor-widget elementor-widget-text-editor\" data-id=\"15dd7056\" data-element_type=\"widget\" data-e-type=\"widget\" data-widget_type=\"text-editor.default\">\n\t\t\t\t<div class=\"elementor-widget-container\">\n\t\t\t\t\t\t\t\t\t\n<h2 class=\"wp-block-heading\">Website editor<\/h2>\n\n<p><b>BTB 11 Brochant (Gaston)<\/b><\/p>\n<p>11 rue Brochant, 75017 Paris<\/p>\n\n<h2 class=\"wp-block-heading\">Name of the publication director<\/h2>\n\n<p>Aliano Maxime<\/p>\n<p>Zhang Yelei<\/p>\n\n<h2 class=\"wp-block-heading\">Cookies<\/h2>\n\n<p>These cookies are strictly necessary for the proper functioning of the Website. You can choose to refuse the use of these cookies by using your browser settings.<\/p>\n\n<h2 class=\"wp-block-heading\">Statistical cookies<\/h2>\n\n<p>These cookies measure, in particular, the number of visits, the number of pages viewed, and user activity on the Website. They allow us to measure the Website&#039;s audience to compile traffic statistics and evaluate traffic sources to improve the Website&#039;s performance. You can choose to refuse these statistical cookies. We invite you to consult Google Analytics&#039; cookie management on the dedicated page provided by Google: https:\/\/support.google.com\/analytics\/answer\/6004245?hl=fr.<\/p>\n\n<h2 class=\"wp-block-heading\">Facebook Cookies<\/h2>\n\n<p>Cookies allow us to show ads to people who have already visited our website and to recommend our services based on that activity. Cookies also allow us to limit the number of times you see an ad, so the same ad isn&#039;t shown repeatedly. We use cookies to count how many times an ad is displayed and to calculate the cost of those ads. We also use cookies to measure how often people perform certain actions, such as clicking on or viewing an ad.<\/p>\n\n<h2 class=\"wp-block-heading\">Cookies definition<\/h2>\n\n<p>This is a small file stored on users&#039; computers that saves their preferences and other information used on the web pages they visit.<\/p>\n\n<h2 class=\"wp-block-heading\">Privacy \u2013 Protection of personal data<\/h2>\n\n<p>Regarding any personal information you may provide to us, you have the right to access, modify, rectify, and\/or delete it in accordance with French Law No. 2004-801 of August 6, 2004, concerning the protection of individuals with regard to the processing of personal data. To exercise this right, please send a message to BTB 11 Brochant. The information collected is processed electronically. Every internet user has the right to access, modify, rectify, and delete their personal data (Article 34 of the French Data Protection Act). This right can be exercised by contacting the establishment. Personal data collected on this site is retained for a maximum of the legally required retention periods.<\/p>\n\n<h2 class=\"wp-block-heading\">Legal notice<\/h2>\n\n<p>In accordance with the provisions of Articles 6-III and 19 of Law No. 2004-575 of 21 June 2004 on Confidence in the Digital Economy, known as the LCEN, we hereby inform users and visitors of the restaurantonyx.com website of the following information:<\/p>\n<p>Legal information:<\/p>\n<p>Owner status: Simplified joint-stock company<br \/>Name: BTB 11 Brochant<br \/>Registered office address: 11 rue Brochant, 75017 Paris<\/p>\n<p>The website is hosted by: Hostinger<\/p>\n\n<p>\u00a0<\/p>\t\t\t\t\t\t\t\t<\/div>\n\t\t\t\t<\/div>\n\t\t\t\t\t<\/div>\n\t\t\t\t<\/div>\n\t\t\t\t<\/div>","protected":false},"excerpt":{"rendered":"<p>\u00c9diteur de site BTB 11 Brochant (Gaston) 11 rue Brochant, 75017 Paris Nom du directeur de la publication Aliano Maxime Zhang Yelei Cookies Ces cookies sont strictement n\u00e9cessaires au bon fonctionnement du Site Internet. Vous pouvez choisir de vous opposer au d\u00e9p\u00f4t de ces cookies en utilisant les param\u00e8tres de votre navigateur. Cookies statistiques Ces &#8230;<\/p>","protected":false},"author":1,"featured_media":0,"parent":0,"menu_order":0,"comment_status":"closed","ping_status":"closed","template":"template-wide-content.php","meta":{"inline_featured_image":false,"patiotime_single_page_hide_site_header":"","patiotime_single_page_site_header_source":"","patiotime_single_page_custom_site_header":"0","patiotime_single_page_custom_sticky_site_header":"0","patiotime_single_page_custom_page_title_margin_top_source":"","patiotime_single_page_custom_page_title_desktop_margin_top":"","patiotime_single_page_custom_page_title_tablet_margin_top":"","patiotime_single_page_custom_page_title_mobile_margin_top":"","patiotime_single_page_hide_page_title":"","patiotime_single_page_header_section_size":"","patiotime_single_page_header_background_color":"","patiotime_single_page_header_background_position_x":"center","patiotime_single_page_header_background_position_y":"center","patiotime_single_page_header_background_size":"cover","patiotime_single_page_header_background_repeat":"off","patiotime_single_page_header_background_scroll":"on","patiotime_single_page_header_text_color":"","patiotime_single_page_header_show_breadcrumb":"","patiotime_single_page_site_footer_hide_main":"","patiotime_single_custom_site_footer_main_source":"","patiotime_single_custom_site_footer_main":"0","patiotime_single_page_site_footer_hide_above":"","patiotime_single_custom_site_footer_above_source":"","patiotime_single_custom_site_footer_above":"0","patiotime_single_page_site_footer_hide_instagram":"","patiotime_single_page_site_footer_hide_bottom":"","patiotime_single_custom_mobile_menu_source":"","patiotime_single_custom_mobile_menu":"0","patiotime_single_custom_mobile_menu_animation":"","patiotime_single_custom_mobile_menu_width":"","patiotime_single_custom_mobile_menu_custom_width":375,"footnotes":""},"class_list":["post-3","page","type-page","status-publish","hentry"],"yoast_head":"<!-- This site is optimized with the Yoast SEO plugin v26.6 - https:\/\/yoast.com\/wordpress\/plugins\/seo\/ -->\n<title>Politiques de confidentitalite - Gaston | Boucher &amp; Restaurateur<\/title>\n<meta name=\"robots\" content=\"index, follow, max-snippet:-1, max-image-preview:large, max-video-preview:-1\" \/>\n<link rel=\"canonical\" href=\"https:\/\/www.gastondesbatignolles.fr\/en\/politiques-de-confidentialite\/\" \/>\n<meta property=\"og:locale\" content=\"en_US\" \/>\n<meta property=\"og:type\" content=\"article\" \/>\n<meta property=\"og:title\" content=\"Politiques de confidentitalite - Gaston | Boucher &amp; Restaurateur\" \/>\n<meta property=\"og:description\" content=\"\u00c9diteur de site BTB 11 Brochant (Gaston) 11 rue Brochant, 75017 Paris Nom du directeur de la publication Aliano Maxime Zhang Yelei Cookies Ces cookies sont strictement n\u00e9cessaires au bon fonctionnement du Site Internet. Vous pouvez choisir de vous opposer au d\u00e9p\u00f4t de ces cookies en utilisant les param\u00e8tres de votre navigateur. Cookies statistiques Ces ...\" \/>\n<meta property=\"og:url\" content=\"https:\/\/www.gastondesbatignolles.fr\/en\/politiques-de-confidentialite\/\" \/>\n<meta property=\"og:site_name\" content=\"Gaston | Boucher &amp; Restaurateur\" \/>\n<meta property=\"article:modified_time\" content=\"2026-03-27T11:45:23+00:00\" \/>\n<meta name=\"twitter:card\" content=\"summary_large_image\" \/>\n<meta name=\"twitter:label1\" content=\"Est. reading time\" \/>\n\t<meta name=\"twitter:data1\" content=\"3 minutes\" \/>\n<script type=\"application\/ld+json\" class=\"yoast-schema-graph\">{\"@context\":\"https:\/\/schema.org\",\"@graph\":[{\"@type\":\"WebPage\",\"@id\":\"https:\/\/www.gastondesbatignolles.fr\/politiques-de-confidentialite\/\",\"url\":\"https:\/\/www.gastondesbatignolles.fr\/politiques-de-confidentialite\/\",\"name\":\"Politiques de confidentitalite - Gaston | Boucher &amp; Restaurateur\",\"isPartOf\":{\"@id\":\"https:\/\/www.gastondesbatignolles.fr\/#website\"},\"datePublished\":\"2025-03-26T12:51:45+00:00\",\"dateModified\":\"2026-03-27T11:45:23+00:00\",\"breadcrumb\":{\"@id\":\"https:\/\/www.gastondesbatignolles.fr\/politiques-de-confidentialite\/#breadcrumb\"},\"inLanguage\":\"en-US\",\"potentialAction\":[{\"@type\":\"ReadAction\",\"target\":[\"https:\/\/www.gastondesbatignolles.fr\/politiques-de-confidentialite\/\"]}]},{\"@type\":\"BreadcrumbList\",\"@id\":\"https:\/\/www.gastondesbatignolles.fr\/politiques-de-confidentialite\/#breadcrumb\",\"itemListElement\":[{\"@type\":\"ListItem\",\"position\":1,\"name\":\"Home\",\"item\":\"https:\/\/www.gastondesbatignolles.fr\/\"},{\"@type\":\"ListItem\",\"position\":2,\"name\":\"Politiques de confidentitalite\"}]},{\"@type\":\"WebSite\",\"@id\":\"https:\/\/www.gastondesbatignolles.fr\/#website\",\"url\":\"https:\/\/www.gastondesbatignolles.fr\/\",\"name\":\"Gaston | Boucher &amp; Restaurateur\",\"description\":\"\",\"publisher\":{\"@id\":\"https:\/\/www.gastondesbatignolles.fr\/#organization\"},\"potentialAction\":[{\"@type\":\"SearchAction\",\"target\":{\"@type\":\"EntryPoint\",\"urlTemplate\":\"https:\/\/www.gastondesbatignolles.fr\/?s={search_term_string}\"},\"query-input\":{\"@type\":\"PropertyValueSpecification\",\"valueRequired\":true,\"valueName\":\"search_term_string\"}}],\"inLanguage\":\"en-US\"},{\"@type\":\"Organization\",\"@id\":\"https:\/\/www.gastondesbatignolles.fr\/#organization\",\"name\":\"Gaston | Boucher &amp; Restaurateur\",\"url\":\"https:\/\/www.gastondesbatignolles.fr\/\",\"logo\":{\"@type\":\"ImageObject\",\"inLanguage\":\"en-US\",\"@id\":\"https:\/\/www.gastondesbatignolles.fr\/#\/schema\/logo\/image\/\",\"url\":\"https:\/\/www.gastondesbatignolles.fr\/wp-content\/uploads\/2025\/03\/GASTON_Logo_Clair_250328_v2.svg\",\"contentUrl\":\"https:\/\/www.gastondesbatignolles.fr\/wp-content\/uploads\/2025\/03\/GASTON_Logo_Clair_250328_v2.svg\",\"width\":736,\"height\":385,\"caption\":\"Gaston | Boucher &amp; Restaurateur\"},\"image\":{\"@id\":\"https:\/\/www.gastondesbatignolles.fr\/#\/schema\/logo\/image\/\"}}]}<\/script>\n<!-- \/ Yoast SEO plugin. -->","yoast_head_json":{"title":"Politiques de confidentitalite - Gaston | Boucher &amp; Restaurateur","robots":{"index":"index","follow":"follow","max-snippet":"max-snippet:-1","max-image-preview":"max-image-preview:large","max-video-preview":"max-video-preview:-1"},"canonical":"https:\/\/www.gastondesbatignolles.fr\/en\/politiques-de-confidentialite\/","og_locale":"en_US","og_type":"article","og_title":"Politiques de confidentitalite - Gaston | Boucher &amp; Restaurateur","og_description":"\u00c9diteur de site BTB 11 Brochant (Gaston) 11 rue Brochant, 75017 Paris Nom du directeur de la publication Aliano Maxime Zhang Yelei Cookies Ces cookies sont strictement n\u00e9cessaires au bon fonctionnement du Site Internet. Vous pouvez choisir de vous opposer au d\u00e9p\u00f4t de ces cookies en utilisant les param\u00e8tres de votre navigateur. Cookies statistiques Ces ...","og_url":"https:\/\/www.gastondesbatignolles.fr\/en\/politiques-de-confidentialite\/","og_site_name":"Gaston | Boucher &amp; Restaurateur","article_modified_time":"2026-03-27T11:45:23+00:00","twitter_card":"summary_large_image","twitter_misc":{"Est. reading time":"3 minutes"},"schema":{"@context":"https:\/\/schema.org","@graph":[{"@type":"WebPage","@id":"https:\/\/www.gastondesbatignolles.fr\/politiques-de-confidentialite\/","url":"https:\/\/www.gastondesbatignolles.fr\/politiques-de-confidentialite\/","name":"Politiques de confidentitalite - Gaston | Boucher &amp; Restaurateur","isPartOf":{"@id":"https:\/\/www.gastondesbatignolles.fr\/#website"},"datePublished":"2025-03-26T12:51:45+00:00","dateModified":"2026-03-27T11:45:23+00:00","breadcrumb":{"@id":"https:\/\/www.gastondesbatignolles.fr\/politiques-de-confidentialite\/#breadcrumb"},"inLanguage":"en-US","potentialAction":[{"@type":"ReadAction","target":["https:\/\/www.gastondesbatignolles.fr\/politiques-de-confidentialite\/"]}]},{"@type":"BreadcrumbList","@id":"https:\/\/www.gastondesbatignolles.fr\/politiques-de-confidentialite\/#breadcrumb","itemListElement":[{"@type":"ListItem","position":1,"name":"Home","item":"https:\/\/www.gastondesbatignolles.fr\/"},{"@type":"ListItem","position":2,"name":"Politiques de confidentitalite"}]},{"@type":"WebSite","@id":"https:\/\/www.gastondesbatignolles.fr\/#website","url":"https:\/\/www.gastondesbatignolles.fr\/","name":"Gaston | Butcher &amp; Restaurateur","description":"","publisher":{"@id":"https:\/\/www.gastondesbatignolles.fr\/#organization"},"potentialAction":[{"@type":"SearchAction","target":{"@type":"EntryPoint","urlTemplate":"https:\/\/www.gastondesbatignolles.fr\/?s={search_term_string}"},"query-input":{"@type":"PropertyValueSpecification","valueRequired":true,"valueName":"search_term_string"}}],"inLanguage":"en-US"},{"@type":"Organization","@id":"https:\/\/www.gastondesbatignolles.fr\/#organization","name":"Gaston | Butcher &amp; Restaurateur","url":"https:\/\/www.gastondesbatignolles.fr\/","logo":{"@type":"ImageObject","inLanguage":"en-US","@id":"https:\/\/www.gastondesbatignolles.fr\/#\/schema\/logo\/image\/","url":"https:\/\/www.gastondesbatignolles.fr\/wp-content\/uploads\/2025\/03\/GASTON_Logo_Clair_250328_v2.svg","contentUrl":"https:\/\/www.gastondesbatignolles.fr\/wp-content\/uploads\/2025\/03\/GASTON_Logo_Clair_250328_v2.svg","width":736,"height":385,"caption":"Gaston | Boucher &amp; Restaurateur"},"image":{"@id":"https:\/\/www.gastondesbatignolles.fr\/#\/schema\/logo\/image\/"}}]}},"_links":{"self":[{"href":"https:\/\/www.gastondesbatignolles.fr\/en\/wp-json\/wp\/v2\/pages\/3","targetHints":{"allow":["GET"]}}],"collection":[{"href":"https:\/\/www.gastondesbatignolles.fr\/en\/wp-json\/wp\/v2\/pages"}],"about":[{"href":"https:\/\/www.gastondesbatignolles.fr\/en\/wp-json\/wp\/v2\/types\/page"}],"author":[{"embeddable":true,"href":"https:\/\/www.gastondesbatignolles.fr\/en\/wp-json\/wp\/v2\/users\/1"}],"replies":[{"embeddable":true,"href":"https:\/\/www.gastondesbatignolles.fr\/en\/wp-json\/wp\/v2\/comments?post=3"}],"version-history":[{"count":8,"href":"https:\/\/www.gastondesbatignolles.fr\/en\/wp-json\/wp\/v2\/pages\/3\/revisions"}],"predecessor-version":[{"id":2081,"href":"https:\/\/www.gastondesbatignolles.fr\/en\/wp-json\/wp\/v2\/pages\/3\/revisions\/2081"}],"wp:attachment":[{"href":"https:\/\/www.gastondesbatignolles.fr\/en\/wp-json\/wp\/v2\/media?parent=3"}],"curies":[{"name":"wp","href":"https:\/\/api.w.org\/{rel}","templated":true}]}}